{"id":254,"date":"2023-10-11T19:19:48","date_gmt":"2023-10-11T17:19:48","guid":{"rendered":"https:\/\/deliverypanamacity.com\/?page_id=254"},"modified":"2023-10-14T12:04:29","modified_gmt":"2023-10-14T10:04:29","slug":"politica-de-privacidad","status":"publish","type":"page","link":"https:\/\/deliverypanamacity.com\/?page_id=254","title":{"rendered":"POLITICA DE PRIVACIDAD"},"content":{"rendered":"\t\t<div data-elementor-type=\"wp-page\" data-elementor-id=\"254\" class=\"elementor elementor-254\" data-elementor-post-type=\"page\">\n\t\t\t\t<div class=\"elementor-element elementor-element-bb91260 e-flex e-con-boxed e-con e-parent\" data-id=\"bb91260\" data-element_type=\"container\">\n\t\t\t\t\t<div class=\"e-con-inner\">\n\t\t\t\t<div class=\"elementor-element elementor-element-19ce824 elementor-widget elementor-widget-heading\" data-id=\"19ce824\" data-element_type=\"widget\" data-widget_type=\"heading.default\">\n\t\t\t\t<div class=\"elementor-widget-container\">\n\t\t\t\t\t<h2 class=\"elementor-heading-title elementor-size-default\">POLITICA DE PRIVACIDAD<\/h2>\t\t\t\t<\/div>\n\t\t\t\t<\/div>\n\t\t\t\t\t<\/div>\n\t\t\t\t<\/div>\n\t\t<div class=\"elementor-element elementor-element-9453887 e-flex e-con-boxed e-con e-parent\" data-id=\"9453887\" data-element_type=\"container\">\n\t\t\t\t\t<div class=\"e-con-inner\">\n\t\t\t\t<div class=\"elementor-element elementor-element-94da864 elementor-widget elementor-widget-text-editor\" data-id=\"94da864\" data-element_type=\"widget\" data-widget_type=\"text-editor.default\">\n\t\t\t\t<div class=\"elementor-widget-container\">\n\t\t\t\t\t\t\t\t\t<p>Somos transparentes y por ello, de forma permanente ponemos a disposici\u00f3n de nuestros usuarios esta pol\u00edtica de privacidad, en la que explicamos con detalle como tratamos los datos personales a los que accedemos y el uso que de ellos haremos, siguiendo lo establecido en la Ley 81 de 26 de marzo de 2019, la cual se\u00f1ala los derechos, obligaciones y procesos que rigen la protecci\u00f3n de datos personales. Esta pol\u00edtica se refiere tanto a los datos personales cuando interact\u00fae con nosotros a trav\u00e9s de la web (ven-ya.com y deliverypanamacity.com), la aplicaci\u00f3n de solicitud de servicio y nuestros perfiles de redes sociales, y a partir de este momento te nombramos como \u201cusuario\u201d.<\/p><p><strong>\u00bfQui\u00e9n es el responsable del tratamiento de tus datos personales?<\/strong><br \/>Ven-ya Delivery Panama City es el responsable del tratamiento de los datos personales del usuario<\/p><p><strong>\u00bfPara qu\u00e9 tratamos tus datos personales y por qu\u00e9 lo hacemos?<\/strong><br \/>Trataremos sus datos de manera confidencial para proporcionarte la informaci\u00f3n solicitada o atender tu solicitud de contacto, que nos proporciona en los distintos formularios disponibles en el sitio web, a trav\u00e9s de los distintos canales de atenci\u00f3n al cliente y para fines de marketing y publicidad.<br \/>Tambi\u00e9n trataremos los datos que nos haya proporcionado si nos solicitas un servicio, a trav\u00e9s de la plataforma enlazada en la p\u00e1gina web y nuestros perfiles de redes sociales, y para dar seguimiento y obtener las evidencias de los servicios realizados. Tambi\u00e9n tratamos tus datos si has aceptado el uso de cookies para mejorar la interacci\u00f3n y mejorar los servicios proporcionados.<br \/>Los datos de nuestros clientes los usamos para el desarrollo, cumplimiento y ejecuci\u00f3n del servicio contratado y para la gesti\u00f3n de la acci\u00f3n o encuesta de satisfacci\u00f3n y\/o de calidad del servicio.<\/p><p><strong>Durante cu\u00e1nto tiempo guardaremos tus datos personales?<\/strong><br \/>Se conservar\u00e1n durante no m\u00e1s tiempo del necesario para mantener el fin del tratamiento o existan prescripciones legales que dictaminen su custodia y cuando ya no sea necesario para ello, se suprimir\u00e1n con medidas de seguridad adecuadas.<\/p><p><strong>\u00bfA qui\u00e9n facilitamos sus datos personales?<\/strong><br \/>No est\u00e1 prevista ninguna comunicaci\u00f3n de datos personales a terceros salvo, si fuese necesario para el desarrollo y ejecuci\u00f3n de las finalidades del tratamiento, a nuestros proveedores de servicios relacionados con comunicaciones, las herramientas de gesti\u00f3n y las personas que nos ayudan y colaboran en la prestaci\u00f3n del servicio.<br \/>En caso de que transfiri\u00e9ramos la totalidad o parte de nuestro negocio nos comprometemos a realizar los esfuerzos considerados razonable para que el usuario sea informado y sus datos sigan siendo tratados con las m\u00e1ximas garant\u00edas de seguridad y confidencialidad.<\/p><p><strong>\u00bfCu\u00e1les son tus derechos?<\/strong><br \/>El usuario tiene derecho y puede pedirnos acceso a los datos, que procedamos a su rectificaci\u00f3n si es necesario actualizar o modificar la informaci\u00f3n que nos ha proporcionado. Tambi\u00e9n puede solicitar la supresi\u00f3n de sus datos, y\/o que limitemos su tratamiento, incluso oponerse a su tratamiento. Asimismo, si nos ha proporcionado su consentimiento puede retirarlo en cualquier momento dirigi\u00e9ndose a la empresa identific\u00e1ndose convenientemente para estar seguros de que es su titular.<\/p><p>Le informamos que puede presentar reclamaci\u00f3n ante la Autoridad Nacional de Transparencia y Acceso a la Informaci\u00f3n (ANTAI) de Panam\u00e1\u0301 <a href=\"https:\/\/cid.antai.gob.pa\/\">https:\/\/cid.antai.gob.pa\/<\/a><br \/>Datos proporcionados por terceros<\/p><p>En caso de que los usuarios faciliten datos de terceros, para la activaci\u00f3n de servicios o para su solicitud o a trav\u00e9s de cualquier canal de contacto disponible se comprometen a informar a quien sea el titular de los datos de dicha comunicaci\u00f3n y tambi\u00e9n del modo en que usuraremos sus datos, en conformidad con lo dispuesto en esta pol\u00edtica de privacidad.<\/p><p><strong>Actualizaci\u00f3n<\/strong><br \/>Esta pol\u00edtica ser\u00e1 actualizada cuando se produzcan cambios y\/o nuevos tratamientos de dato, por ello nos reservamos el derecho a revisarla y publicar nuevas versiones, por ello el usuario que proporcione datos debe consultarla para estar informaci\u00f3n sobre el uso de sus datos personales.<\/p>\t\t\t\t\t\t\t\t<\/div>\n\t\t\t\t<\/div>\n\t\t\t\t\t<\/div>\n\t\t\t\t<\/div>\n\t\t\t\t<\/div>\n\t\t","protected":false},"excerpt":{"rendered":"<p>POLITICA DE PRIVACIDAD Somos transparentes y por ello, de forma permanente ponemos a disposici\u00f3n de nuestros usuarios esta pol\u00edtica de privacidad, en la que explicamos con detalle como tratamos los datos personales a los que accedemos y el uso que de ellos haremos, siguiendo lo establecido en la Ley 81 de 26 de marzo de [&hellip;]<\/p>\n","protected":false},"author":1,"featured_media":0,"parent":0,"menu_order":0,"comment_status":"closed","ping_status":"closed","template":"","meta":{"footnotes":""},"class_list":["post-254","page","type-page","status-publish","hentry"],"_links":{"self":[{"href":"https:\/\/deliverypanamacity.com\/index.php?rest_route=\/wp\/v2\/pages\/254","targetHints":{"allow":["GET"]}}],"collection":[{"href":"https:\/\/deliverypanamacity.com\/index.php?rest_route=\/wp\/v2\/pages"}],"about":[{"href":"https:\/\/deliverypanamacity.com\/index.php?rest_route=\/wp\/v2\/types\/page"}],"author":[{"embeddable":true,"href":"https:\/\/deliverypanamacity.com\/index.php?rest_route=\/wp\/v2\/users\/1"}],"replies":[{"embeddable":true,"href":"https:\/\/deliverypanamacity.com\/index.php?rest_route=%2Fwp%2Fv2%2Fcomments&post=254"}],"version-history":[{"count":11,"href":"https:\/\/deliverypanamacity.com\/index.php?rest_route=\/wp\/v2\/pages\/254\/revisions"}],"predecessor-version":[{"id":539,"href":"https:\/\/deliverypanamacity.com\/index.php?rest_route=\/wp\/v2\/pages\/254\/revisions\/539"}],"wp:attachment":[{"href":"https:\/\/deliverypanamacity.com\/index.php?rest_route=%2Fwp%2Fv2%2Fmedia&parent=254"}],"curies":[{"name":"wp","href":"https:\/\/api.w.org\/{rel}","templated":true}]}}