{"id":256,"date":"2023-10-11T19:20:33","date_gmt":"2023-10-11T17:20:33","guid":{"rendered":"https:\/\/deliverypanamacity.com\/?page_id=256"},"modified":"2023-10-14T12:05:12","modified_gmt":"2023-10-14T10:05:12","slug":"politica-de-cookies","status":"publish","type":"page","link":"https:\/\/deliverypanamacity.com\/?page_id=256","title":{"rendered":"POLITICA DE COOKIES"},"content":{"rendered":"\t\t<div data-elementor-type=\"wp-page\" data-elementor-id=\"256\" class=\"elementor elementor-256\" data-elementor-post-type=\"page\">\n\t\t\t\t<div class=\"elementor-element elementor-element-211b652 e-con-full e-flex e-con e-parent\" data-id=\"211b652\" data-element_type=\"container\">\n\t\t\t\t<div class=\"elementor-element elementor-element-1ad2eb1 elementor-widget elementor-widget-heading\" data-id=\"1ad2eb1\" data-element_type=\"widget\" data-widget_type=\"heading.default\">\n\t\t\t\t<div class=\"elementor-widget-container\">\n\t\t\t\t\t<h2 class=\"elementor-heading-title elementor-size-default\">POLITICA DE COOKIES<\/h2>\t\t\t\t<\/div>\n\t\t\t\t<\/div>\n\t\t\t\t<\/div>\n\t\t<div class=\"elementor-element elementor-element-d646e3d e-flex e-con-boxed e-con e-parent\" data-id=\"d646e3d\" data-element_type=\"container\">\n\t\t\t\t\t<div class=\"e-con-inner\">\n\t\t\t\t\t<\/div>\n\t\t\t\t<\/div>\n\t\t<div class=\"elementor-element elementor-element-d74aced e-flex e-con-boxed e-con e-parent\" data-id=\"d74aced\" data-element_type=\"container\">\n\t\t\t\t\t<div class=\"e-con-inner\">\n\t\t\t\t<div class=\"elementor-element elementor-element-fde1ae8 elementor-widget elementor-widget-text-editor\" data-id=\"fde1ae8\" data-element_type=\"widget\" data-widget_type=\"text-editor.default\">\n\t\t\t\t<div class=\"elementor-widget-container\">\n\t\t\t\t\t\t\t\t\t<p><strong>Banner:<\/strong><\/p><p>Utilizamos cookies propias y de terceros para mejorar nuestros servicios mediante el an\u00e1lisis de sus h\u00e1bitos de navegaci\u00f3n.<strong>\u00a0\u00a0<\/strong><\/p><p><strong>Pol\u00edtica de cookies<\/strong><\/p><p>Las cookies y otras tecnolog\u00edas similares tales como local shared objects, flash cookies o p\u00edxeles, son herramientas empleadas por los servidores Web para almacenar y recuperar informaci\u00f3n acerca de sus visitantes, as\u00ed como para ofrecer un correcto funcionamiento del sitio.<\/p><p>En ocasiones el uso de cookies puede relacionarse con el tratamiento de datos personales por ello debes consultar la pol\u00edtica de privacidad y esta informaci\u00f3n sobre c\u00f3mo usamos las cookies en nuestra web, en la plataforma y en las redes sociales.<strong>\u00a0\u00a0\u00a0<\/strong><\/p><p><strong>A continuaci\u00f3n, explicamos en general que tipo de cookies pueden utilizarse.<\/strong><\/p><p>Las Cookies pueden ser propias, si se env\u00edan al equipo terminal del usuario desde un equipo o dominio gestionado por el propio editor y desde el que se presta el servicio solicitado por el usuario. Tambi\u00e9n es posibles que se utilicen Cookies de terceros, es decir si se env\u00edan al equipo terminal del usuario desde un equipo o dominio que no es gestionado por el editor, sino por otra entidad que trata los datos obtenidos trav\u00e9s de las cookies.<strong>\u00a0\u00a0\u00a0<\/strong><\/p><p>De acuerdo con su funcionalidad pueden ser cookies funcionales o t\u00e9cnicas que permiten al usuario la navegaci\u00f3n a trav\u00e9s de una p\u00e1gina web, plataforma o aplicaci\u00f3n y la utilizaci\u00f3n de las diferentes opciones o servicios que en ella existan. Las cookies anal\u00edticas son aquellas que permiten al responsable de las mismas el seguimiento y an\u00e1lisis del comportamiento de los usuarios de los sitios web a los que est\u00e1n vinculadas. La informaci\u00f3n recogida mediante este tipo de cookies se utiliza en la medici\u00f3n de la actividad de los sitios web, aplicaci\u00f3n o plataforma y para la elaboraci\u00f3n de perfiles de navegaci\u00f3n de los usuarios de dichos sitios, aplicaciones y plataformas, con el fin de introducir mejoras en funci\u00f3n del an\u00e1lisis de los datos de uso que hacen los usuarios del servicio.<\/p><p><strong>\u00a0<\/strong>Adem\u00e1s, seg\u00fan el plazo de conservaci\u00f3n pueden emplearse cookies de sesi\u00f3n, dise\u00f1adas para recabar y almacenar datos mientras el usuario accede a una p\u00e1gina web y cookies, que permiten que los datos siguen almacenados en el terminal y pueden ser accedidos y tratados durante un per\u00edodo definido por el responsable de la cookie, y que puede ir de unos minutos a varios a\u00f1os.<\/p><p>En nuestra p\u00e1gina web se utilizan las cookies que a continuaci\u00f3n se relacionan y de acuerdo con las caracter\u00edsticas sobre las que se informa.<\/p><p>Si como usuario quieres obtener m\u00e1s informaci\u00f3n para deshabilitar las cookies de Google Analytics, consulta la\u00a0y\u00a0<a href=\"https:\/\/support.google.com\/analytics\/answer\/181881?hl=es\">Exclusi\u00f3n de Google Analytics<\/a><\/p><p><strong>A continuaci\u00f3n, indicamos el modo en que se pueden restringir el permiso de cookies en los distintos navegadores.<\/strong><\/p><p>Chrome\u00a0 http:\/\/<a href=\"https:\/\/support.google.com\/chrome\/answer\/95647?hl=es\">support.google.com\/chrome\/answer\/95647?hl=es<\/a><\/p><p>Edge https:\/\/<a href=\"https:\/\/support.microsoft.com\/es-es\/microsoft-edge\/eliminar-las-cookies-en-microsoft-edge-63947406-40ac-c3b8-57b9-2a946a29ae09\">support.microsoft.com\/es-es\/microsoft-edge\/eliminar-las-cookies-en-microsoft-edge-63947406-40ac-c3b8-57b9-2a946a29ae09<\/a><\/p><p>\u00a0Explorer https:\/\/<a href=\"https:\/\/support.microsoft.com\/es-es\/help\/278835\/how-to-delete-cookie-files-in-internet-explorer\">support.microsoft.com\/es-es\/help\/278835\/how-to-delete-cookie-files-in-internet-explorer<\/a><\/p><p>Firefox\u00a0\u00a0https:\/\/<a href=\"https:\/\/www.mozilla.org\/es-ES\/privacy\/websites\/#cookies\">www.mozilla.org\/es-ES\/privacy\/websites\/#cookies<\/a><\/p><p>Safari https:\/\/<a href=\"https:\/\/support.apple.com\/es-es\/guide\/safari\/sfri11471\/mac\">support.apple.com\/es-es\/guide\/safari\/sfri11471\/mac<\/a><\/p><p>Opera https:\/\/<a href=\"https:\/\/help.opera.com\/en\/latest\/security-and-privacy\/#clearBrowsingData\">help.opera.com\/en\/latest\/security-and-privacy\/#clearBrowsingData<\/a><\/p><pre>Nuestro es objetivo mantener actualizada esta informaci\u00f3n por ello nos reservamos el derecho a actualizarla siempre que se detecten cambios y en consecuencia el usuario debe consultarla con frecuencia.<\/pre>\t\t\t\t\t\t\t\t<\/div>\n\t\t\t\t<\/div>\n\t\t\t\t\t<\/div>\n\t\t\t\t<\/div>\n\t\t\t\t<\/div>\n\t\t","protected":false},"excerpt":{"rendered":"<p>POLITICA DE COOKIES Banner: Utilizamos cookies propias y de terceros para mejorar nuestros servicios mediante el an\u00e1lisis de sus h\u00e1bitos de navegaci\u00f3n.\u00a0\u00a0 Pol\u00edtica de cookies Las cookies y otras tecnolog\u00edas similares tales como local shared objects, flash cookies o p\u00edxeles, son herramientas empleadas por los servidores Web para almacenar y recuperar informaci\u00f3n acerca de sus [&hellip;]<\/p>\n","protected":false},"author":1,"featured_media":0,"parent":0,"menu_order":0,"comment_status":"closed","ping_status":"closed","template":"","meta":{"footnotes":""},"class_list":["post-256","page","type-page","status-publish","hentry"],"_links":{"self":[{"href":"https:\/\/deliverypanamacity.com\/index.php?rest_route=\/wp\/v2\/pages\/256","targetHints":{"allow":["GET"]}}],"collection":[{"href":"https:\/\/deliverypanamacity.com\/index.php?rest_route=\/wp\/v2\/pages"}],"about":[{"href":"https:\/\/deliverypanamacity.com\/index.php?rest_route=\/wp\/v2\/types\/page"}],"author":[{"embeddable":true,"href":"https:\/\/deliverypanamacity.com\/index.php?rest_route=\/wp\/v2\/users\/1"}],"replies":[{"embeddable":true,"href":"https:\/\/deliverypanamacity.com\/index.php?rest_route=%2Fwp%2Fv2%2Fcomments&post=256"}],"version-history":[{"count":10,"href":"https:\/\/deliverypanamacity.com\/index.php?rest_route=\/wp\/v2\/pages\/256\/revisions"}],"predecessor-version":[{"id":542,"href":"https:\/\/deliverypanamacity.com\/index.php?rest_route=\/wp\/v2\/pages\/256\/revisions\/542"}],"wp:attachment":[{"href":"https:\/\/deliverypanamacity.com\/index.php?rest_route=%2Fwp%2Fv2%2Fmedia&parent=256"}],"curies":[{"name":"wp","href":"https:\/\/api.w.org\/{rel}","templated":true}]}}