{"id":84,"date":"2023-10-08T20:08:27","date_gmt":"2023-10-08T18:08:27","guid":{"rendered":"https:\/\/deliverypanamacity.com\/?page_id=84"},"modified":"2024-01-31T17:20:31","modified_gmt":"2024-01-31T16:20:31","slug":"inicio","status":"publish","type":"page","link":"https:\/\/deliverypanamacity.com\/","title":{"rendered":"INICIO"},"content":{"rendered":"\t\t<div data-elementor-type=\"wp-page\" data-elementor-id=\"84\" class=\"elementor elementor-84\" data-elementor-post-type=\"page\">\n\t\t\t\t<div class=\"elementor-element elementor-element-ed2a8fa e-con-full e-flex e-con e-parent\" data-id=\"ed2a8fa\" data-element_type=\"container\" data-settings=\"{&quot;background_background&quot;:&quot;classic&quot;}\">\n\t\t\t\t<div class=\"elementor-element elementor-element-29cd0ef elementor-widget__width-initial elementor-widget-mobile__width-initial elementor-widget-tablet__width-initial elementor-invisible elementor-widget elementor-widget-heading\" data-id=\"29cd0ef\" data-element_type=\"widget\" data-settings=\"{&quot;_animation&quot;:&quot;fadeInLeft&quot;}\" data-widget_type=\"heading.default\">\n\t\t\t\t<div class=\"elementor-widget-container\">\n\t\t\t\t\t<h1 class=\"elementor-heading-title elementor-size-default\">Servicio de mensajer\u00eda y paqueter\u00eda \nen                                \nPanam\u00e1 City<\/h1>\t\t\t\t<\/div>\n\t\t\t\t<\/div>\n\t\t\t\t<\/div>\n\t\t<div class=\"elementor-element elementor-element-2209690 e-flex e-con-boxed e-con e-parent\" data-id=\"2209690\" data-element_type=\"container\">\n\t\t\t\t\t<div class=\"e-con-inner\">\n\t\t<div class=\"elementor-element elementor-element-01b5c95 e-con-full e-flex e-con e-child\" data-id=\"01b5c95\" data-element_type=\"container\">\n\t\t\t\t<div class=\"elementor-element elementor-element-12c81c5 elementor-widget-mobile__width-initial elementor-widget elementor-widget-image\" data-id=\"12c81c5\" data-element_type=\"widget\" data-widget_type=\"image.default\">\n\t\t\t\t<div class=\"elementor-widget-container\">\n\t\t\t\t\t\t\t\t\t\t\t\t\t\t\t<img fetchpriority=\"high\" decoding=\"async\" width=\"238\" height=\"238\" src=\"https:\/\/deliverypanamacity.com\/wp-content\/uploads\/2023\/10\/MALETIN-FLYER.png\" class=\"attachment-large size-large wp-image-114\" alt=\"\" srcset=\"https:\/\/deliverypanamacity.com\/wp-content\/uploads\/2023\/10\/MALETIN-FLYER.png 238w, https:\/\/deliverypanamacity.com\/wp-content\/uploads\/2023\/10\/MALETIN-FLYER-150x150.png 150w\" sizes=\"(max-width: 238px) 100vw, 238px\" \/>\t\t\t\t\t\t\t\t\t\t\t\t\t\t\t<\/div>\n\t\t\t\t<\/div>\n\t\t\t\t<div class=\"elementor-element elementor-element-0b02d7b elementor-widget elementor-widget-heading\" data-id=\"0b02d7b\" data-element_type=\"widget\" data-widget_type=\"heading.default\">\n\t\t\t\t<div class=\"elementor-widget-container\">\n\t\t\t\t\t<h2 class=\"elementor-heading-title elementor-size-default\">Profesionalidad<\/h2>\t\t\t\t<\/div>\n\t\t\t\t<\/div>\n\t\t\t\t<\/div>\n\t\t<div class=\"elementor-element elementor-element-f19814a e-con-full e-flex e-con e-child\" data-id=\"f19814a\" data-element_type=\"container\">\n\t\t\t\t<div class=\"elementor-element elementor-element-8e5cab3 elementor-widget-mobile__width-initial elementor-widget elementor-widget-image\" data-id=\"8e5cab3\" data-element_type=\"widget\" data-widget_type=\"image.default\">\n\t\t\t\t<div class=\"elementor-widget-container\">\n\t\t\t\t\t\t\t\t\t\t\t\t\t\t\t<img decoding=\"async\" width=\"189\" height=\"190\" src=\"https:\/\/deliverypanamacity.com\/wp-content\/uploads\/2023\/10\/COHETE-FLYER.png\" class=\"attachment-large size-large wp-image-109\" alt=\"\" srcset=\"https:\/\/deliverypanamacity.com\/wp-content\/uploads\/2023\/10\/COHETE-FLYER.png 189w, https:\/\/deliverypanamacity.com\/wp-content\/uploads\/2023\/10\/COHETE-FLYER-150x150.png 150w\" sizes=\"(max-width: 189px) 100vw, 189px\" \/>\t\t\t\t\t\t\t\t\t\t\t\t\t\t\t<\/div>\n\t\t\t\t<\/div>\n\t\t\t\t<div class=\"elementor-element elementor-element-95b129d elementor-widget elementor-widget-heading\" data-id=\"95b129d\" data-element_type=\"widget\" data-widget_type=\"heading.default\">\n\t\t\t\t<div class=\"elementor-widget-container\">\n\t\t\t\t\t<h2 class=\"elementor-heading-title elementor-size-default\">Rapidez<\/h2>\t\t\t\t<\/div>\n\t\t\t\t<\/div>\n\t\t\t\t<\/div>\n\t\t<div class=\"elementor-element elementor-element-2f673ed e-con-full e-flex e-con e-child\" data-id=\"2f673ed\" data-element_type=\"container\">\n\t\t\t\t<div class=\"elementor-element elementor-element-ad8a02b elementor-widget-mobile__width-initial elementor-widget elementor-widget-image\" data-id=\"ad8a02b\" data-element_type=\"widget\" data-widget_type=\"image.default\">\n\t\t\t\t<div class=\"elementor-widget-container\">\n\t\t\t\t\t\t\t\t\t\t\t\t\t\t\t<img decoding=\"async\" width=\"320\" height=\"318\" src=\"https:\/\/deliverypanamacity.com\/wp-content\/uploads\/2023\/10\/MANOS-FLYER.png\" class=\"attachment-large size-large wp-image-115\" alt=\"\" srcset=\"https:\/\/deliverypanamacity.com\/wp-content\/uploads\/2023\/10\/MANOS-FLYER.png 320w, https:\/\/deliverypanamacity.com\/wp-content\/uploads\/2023\/10\/MANOS-FLYER-300x298.png 300w, https:\/\/deliverypanamacity.com\/wp-content\/uploads\/2023\/10\/MANOS-FLYER-150x150.png 150w\" sizes=\"(max-width: 320px) 100vw, 320px\" \/>\t\t\t\t\t\t\t\t\t\t\t\t\t\t\t<\/div>\n\t\t\t\t<\/div>\n\t\t\t\t<div class=\"elementor-element elementor-element-e5c7932 elementor-widget elementor-widget-heading\" data-id=\"e5c7932\" data-element_type=\"widget\" data-widget_type=\"heading.default\">\n\t\t\t\t<div class=\"elementor-widget-container\">\n\t\t\t\t\t<h2 class=\"elementor-heading-title elementor-size-default\">Trato personal<\/h2>\t\t\t\t<\/div>\n\t\t\t\t<\/div>\n\t\t\t\t<\/div>\n\t\t<div class=\"elementor-element elementor-element-11f15e6 e-con-full e-flex e-con e-child\" data-id=\"11f15e6\" data-element_type=\"container\">\n\t\t\t\t<div class=\"elementor-element elementor-element-d3ade2d elementor-widget-divider--view-line elementor-widget elementor-widget-divider\" data-id=\"d3ade2d\" data-element_type=\"widget\" data-widget_type=\"divider.default\">\n\t\t\t\t<div class=\"elementor-widget-container\">\n\t\t\t\t\t\t\t<div class=\"elementor-divider\">\n\t\t\t<span class=\"elementor-divider-separator\">\n\t\t\t\t\t\t<\/span>\n\t\t<\/div>\n\t\t\t\t\t\t<\/div>\n\t\t\t\t<\/div>\n\t\t\t\t<\/div>\n\t\t\t\t\t<\/div>\n\t\t\t\t<\/div>\n\t\t<div class=\"elementor-element elementor-element-a5ce9d0 e-con-full e-flex e-con e-parent\" data-id=\"a5ce9d0\" data-element_type=\"container\" id=\"servicios\">\n\t\t\t\t<div class=\"elementor-element elementor-element-6c0175a elementor-widget elementor-widget-heading\" data-id=\"6c0175a\" data-element_type=\"widget\" data-widget_type=\"heading.default\">\n\t\t\t\t<div class=\"elementor-widget-container\">\n\t\t\t\t\t<h6 class=\"elementor-heading-title elementor-size-default\">SERVICIOS <\/h6>\t\t\t\t<\/div>\n\t\t\t\t<\/div>\n\t\t\t\t<\/div>\n\t\t<div class=\"elementor-element elementor-element-086f240 e-con-full e-flex e-con e-parent\" data-id=\"086f240\" data-element_type=\"container\">\n\t\t\t\t<div class=\"elementor-element elementor-element-52baab4 elementor-widget elementor-widget-text-editor\" data-id=\"52baab4\" data-element_type=\"widget\" data-widget_type=\"text-editor.default\">\n\t\t\t\t<div class=\"elementor-widget-container\">\n\t\t\t\t\t\t\t\t\t<p>Personalizamos el servicio que necesite, tanto para empresas como para particulares<\/p><p>Nuestro valor a\u00f1adido es la garant\u00eda de una atenci\u00f3n personalizada<\/p><p>Le ofrecemos una respuesta a sus necesidades tanto en transporte urgente como programado<\/p><p>Disponemos de un servicio experto para ayudarle con las gestiones que necesite<\/p>\t\t\t\t\t\t\t\t<\/div>\n\t\t\t\t<\/div>\n\t\t\t\t<\/div>\n\t\t<div class=\"elementor-element elementor-element-6ded67f e-flex e-con-boxed e-con e-parent\" data-id=\"6ded67f\" data-element_type=\"container\">\n\t\t\t\t\t<div class=\"e-con-inner\">\n\t\t<div class=\"elementor-element elementor-element-ac96d66 e-con-full e-flex e-con e-child\" data-id=\"ac96d66\" data-element_type=\"container\">\n\t\t\t\t<div class=\"elementor-element elementor-element-9fd3af2 elementor-widget elementor-widget-text-editor\" data-id=\"9fd3af2\" data-element_type=\"widget\" data-widget_type=\"text-editor.default\">\n\t\t\t\t<div class=\"elementor-widget-container\">\n\t\t\t\t\t\t\t\t\t<ul><li><strong>Mensajer\u00eda empresarial exclusiva <\/strong>bajo demanda con servicios directos<\/li><li><strong>Env\u00edos <\/strong>de insumos y paqueter\u00eda<\/li><li><strong>Entregas <\/strong>de documentaci\u00f3n con la m\u00e1xima confidencialidad en la ciudad de Panam\u00e1<\/li><\/ul>\t\t\t\t\t\t\t\t<\/div>\n\t\t\t\t<\/div>\n\t\t\t\t<\/div>\n\t\t<div class=\"elementor-element elementor-element-0b82259 e-con-full e-flex e-con e-child\" data-id=\"0b82259\" data-element_type=\"container\">\n\t\t\t\t<div class=\"elementor-element elementor-element-564b0fe elementor-widget elementor-widget-text-editor\" data-id=\"564b0fe\" data-element_type=\"widget\" data-widget_type=\"text-editor.default\">\n\t\t\t\t<div class=\"elementor-widget-container\">\n\t\t\t\t\t\t\t\t\t<ul><li style=\"text-align: left;\"><span style=\"color: #333333;\"><b>Gestiones:<\/b>\u00a0r\u00e1pidas y seguras, dep\u00f3sitos bancarios, pago de servicios (agua, aseo, luz), pago de multas<\/span><\/li><li><span style=\"color: #333333;\"><strong>Otros servicios<\/strong>: Ayuda en general, recogidas de farmacia, etc. (Tarifa m\u00ednima \/por hora)<\/span><\/li><\/ul>\t\t\t\t\t\t\t\t<\/div>\n\t\t\t\t<\/div>\n\t\t\t\t<\/div>\n\t\t\t\t\t<\/div>\n\t\t\t\t<\/div>\n\t\t<div class=\"elementor-element elementor-element-61bca44 e-flex e-con-boxed e-con e-parent\" data-id=\"61bca44\" data-element_type=\"container\">\n\t\t\t\t\t<div class=\"e-con-inner\">\n\t\t\t\t<div class=\"elementor-element elementor-element-04f486c elementor-widget elementor-widget-text-editor\" data-id=\"04f486c\" data-element_type=\"widget\" data-widget_type=\"text-editor.default\">\n\t\t\t\t<div class=\"elementor-widget-container\">\n\t\t\t\t\t\t\t\t\t<p><strong>Consiga los mejores precios en sus env\u00edos de mensajer\u00eda y paqueter\u00eda local y urgente<\/strong><\/p>\t\t\t\t\t\t\t\t<\/div>\n\t\t\t\t<\/div>\n\t\t\t\t\t<\/div>\n\t\t\t\t<\/div>\n\t\t<div class=\"elementor-element elementor-element-76e2656 e-flex e-con-boxed e-con e-parent\" data-id=\"76e2656\" data-element_type=\"container\">\n\t\t\t\t\t<div class=\"e-con-inner\">\n\t\t\t\t<div class=\"elementor-element elementor-element-5b0c4e2 elementor-invisible elementor-widget elementor-widget-button\" data-id=\"5b0c4e2\" data-element_type=\"widget\" data-settings=\"{&quot;_animation&quot;:&quot;lightSpeedIn&quot;,&quot;_animation_mobile&quot;:&quot;bounceInLeft&quot;}\" data-widget_type=\"button.default\">\n\t\t\t\t<div class=\"elementor-widget-container\">\n\t\t\t\t\t\t\t\t\t<div class=\"elementor-button-wrapper\">\n\t\t\t\t\t<a class=\"elementor-button elementor-button-link elementor-size-sm\" href=\"http:\/\/deliverypanamacity.com\/#contactopeq\">\n\t\t\t\t\t\t<span class=\"elementor-button-content-wrapper\">\n\t\t\t\t\t\t\t\t\t<span class=\"elementor-button-text\">SOLICITA TU RECOGIDA<\/span>\n\t\t\t\t\t<\/span>\n\t\t\t\t\t<\/a>\n\t\t\t\t<\/div>\n\t\t\t\t\t\t\t\t<\/div>\n\t\t\t\t<\/div>\n\t\t\t\t\t<\/div>\n\t\t\t\t<\/div>\n\t\t<div class=\"elementor-element elementor-element-6630016 e-flex e-con-boxed e-con e-parent\" data-id=\"6630016\" data-element_type=\"container\">\n\t\t\t\t\t<div class=\"e-con-inner\">\n\t\t\t\t<div class=\"elementor-element elementor-element-a07c6f0 elementor-widget__width-initial elementor-widget-mobile__width-initial elementor-widget elementor-widget-image\" data-id=\"a07c6f0\" data-element_type=\"widget\" data-settings=\"{&quot;_animation&quot;:&quot;none&quot;}\" data-widget_type=\"image.default\">\n\t\t\t\t<div class=\"elementor-widget-container\">\n\t\t\t\t\t\t\t\t\t\t\t\t\t\t\t<img loading=\"lazy\" decoding=\"async\" width=\"800\" height=\"349\" src=\"https:\/\/deliverypanamacity.com\/wp-content\/uploads\/2023\/10\/RAPIDOS-1024x447.png\" class=\"attachment-large size-large wp-image-216\" alt=\"\" srcset=\"https:\/\/deliverypanamacity.com\/wp-content\/uploads\/2023\/10\/RAPIDOS-1024x447.png 1024w, https:\/\/deliverypanamacity.com\/wp-content\/uploads\/2023\/10\/RAPIDOS-300x131.png 300w, https:\/\/deliverypanamacity.com\/wp-content\/uploads\/2023\/10\/RAPIDOS-768x335.png 768w, https:\/\/deliverypanamacity.com\/wp-content\/uploads\/2023\/10\/RAPIDOS-1536x670.png 1536w, https:\/\/deliverypanamacity.com\/wp-content\/uploads\/2023\/10\/RAPIDOS-2048x893.png 2048w\" sizes=\"(max-width: 800px) 100vw, 800px\" \/>\t\t\t\t\t\t\t\t\t\t\t\t\t\t\t<\/div>\n\t\t\t\t<\/div>\n\t\t\t\t\t<\/div>\n\t\t\t\t<\/div>\n\t\t<div class=\"elementor-element elementor-element-9ce3964 e-con-full e-flex e-con e-parent\" data-id=\"9ce3964\" data-element_type=\"container\" id=\"nosotros\">\n\t\t\t\t<div class=\"elementor-element elementor-element-e7980d5 elementor-widget elementor-widget-heading\" data-id=\"e7980d5\" data-element_type=\"widget\" data-widget_type=\"heading.default\">\n\t\t\t\t<div class=\"elementor-widget-container\">\n\t\t\t\t\t<h6 class=\"elementor-heading-title elementor-size-default\">NOSOTROS<\/h6>\t\t\t\t<\/div>\n\t\t\t\t<\/div>\n\t\t\t\t<\/div>\n\t\t<div class=\"elementor-element elementor-element-5bbc1e4 e-con-full e-flex e-con e-parent\" data-id=\"5bbc1e4\" data-element_type=\"container\">\n\t\t\t\t<div class=\"elementor-element elementor-element-3cd6898 elementor-widget elementor-widget-text-editor\" data-id=\"3cd6898\" data-element_type=\"widget\" data-widget_type=\"text-editor.default\">\n\t\t\t\t<div class=\"elementor-widget-container\">\n\t\t\t\t\t\t\t\t\t<p>Somos un equipo de profesionales especializados en mensajer\u00eda y transporte en la Ciudad de Panam\u00e1<\/p><p>Nuestro equipo utiliza motocicletas y veh\u00edculos para brindar un servicio eficiente y profesional<\/p><p>Somos flexibles y tenemos amplios horarios de atenci\u00f3n al cliente<\/p><p>Nuestra tecnolog\u00eda garantiza la recogida y entrega segura de sus env\u00edos<\/p><p>Queremos brindarle la experiencia que necesita con la m\u00e1xima confianza<\/p>\t\t\t\t\t\t\t\t<\/div>\n\t\t\t\t<\/div>\n\t\t\t\t<\/div>\n\t\t<div class=\"elementor-element elementor-element-76fe9c6 e-flex e-con-boxed e-con e-parent\" data-id=\"76fe9c6\" data-element_type=\"container\">\n\t\t\t\t\t<div class=\"e-con-inner\">\n\t\t\t\t<div class=\"elementor-element elementor-element-e039bdf elementor-mobile-align-center elementor-align-center elementor-invisible elementor-widget elementor-widget-button\" data-id=\"e039bdf\" data-element_type=\"widget\" data-settings=\"{&quot;_animation&quot;:&quot;lightSpeedIn&quot;,&quot;_animation_mobile&quot;:&quot;bounceInLeft&quot;,&quot;_animation_delay&quot;:0}\" data-widget_type=\"button.default\">\n\t\t\t\t<div class=\"elementor-widget-container\">\n\t\t\t\t\t\t\t\t\t<div class=\"elementor-button-wrapper\">\n\t\t\t\t\t<a class=\"elementor-button elementor-button-link elementor-size-sm\" href=\"http:\/\/deliverypanamacity.com\/#contactopeq\">\n\t\t\t\t\t\t<span class=\"elementor-button-content-wrapper\">\n\t\t\t\t\t\t\t\t\t<span class=\"elementor-button-text\">SOLICITA TU RECOGIDA<\/span>\n\t\t\t\t\t<\/span>\n\t\t\t\t\t<\/a>\n\t\t\t\t<\/div>\n\t\t\t\t\t\t\t\t<\/div>\n\t\t\t\t<\/div>\n\t\t\t\t\t<\/div>\n\t\t\t\t<\/div>\n\t\t<div class=\"elementor-element elementor-element-03062ca e-flex e-con-boxed e-con e-parent\" data-id=\"03062ca\" data-element_type=\"container\">\n\t\t\t\t\t<div class=\"e-con-inner\">\n\t\t\t\t<div class=\"elementor-element elementor-element-5bba7c2 elementor-widget__width-initial elementor-widget-mobile__width-initial elementor-widget elementor-widget-image\" data-id=\"5bba7c2\" data-element_type=\"widget\" data-widget_type=\"image.default\">\n\t\t\t\t<div class=\"elementor-widget-container\">\n\t\t\t\t\t\t\t\t\t\t\t\t\t\t\t<img loading=\"lazy\" decoding=\"async\" width=\"800\" height=\"329\" src=\"https:\/\/deliverypanamacity.com\/wp-content\/uploads\/2023\/10\/NOSOTROS2-1024x421.png\" class=\"attachment-large size-large wp-image-233\" alt=\"\" srcset=\"https:\/\/deliverypanamacity.com\/wp-content\/uploads\/2023\/10\/NOSOTROS2-1024x421.png 1024w, https:\/\/deliverypanamacity.com\/wp-content\/uploads\/2023\/10\/NOSOTROS2-300x123.png 300w, https:\/\/deliverypanamacity.com\/wp-content\/uploads\/2023\/10\/NOSOTROS2-768x316.png 768w, https:\/\/deliverypanamacity.com\/wp-content\/uploads\/2023\/10\/NOSOTROS2-1536x631.png 1536w, https:\/\/deliverypanamacity.com\/wp-content\/uploads\/2023\/10\/NOSOTROS2-2048x842.png 2048w\" sizes=\"(max-width: 800px) 100vw, 800px\" \/>\t\t\t\t\t\t\t\t\t\t\t\t\t\t\t<\/div>\n\t\t\t\t<\/div>\n\t\t\t\t\t<\/div>\n\t\t\t\t<\/div>\n\t\t\t\t<\/div>\n\t\t","protected":false},"excerpt":{"rendered":"<p>Servicio de mensajer\u00eda y paqueter\u00eda en Panam\u00e1 City Profesionalidad Rapidez Trato personal SERVICIOS Personalizamos el servicio que necesite, tanto para empresas como para particulares Nuestro valor a\u00f1adido es la garant\u00eda de una atenci\u00f3n personalizada Le ofrecemos una respuesta a sus necesidades tanto en transporte urgente como programado Disponemos de un servicio experto para ayudarle con [&hellip;]<\/p>\n","protected":false},"author":1,"featured_media":0,"parent":0,"menu_order":0,"comment_status":"closed","ping_status":"closed","template":"","meta":{"footnotes":""},"class_list":["post-84","page","type-page","status-publish","hentry"],"_links":{"self":[{"href":"https:\/\/deliverypanamacity.com\/index.php?rest_route=\/wp\/v2\/pages\/84","targetHints":{"allow":["GET"]}}],"collection":[{"href":"https:\/\/deliverypanamacity.com\/index.php?rest_route=\/wp\/v2\/pages"}],"about":[{"href":"https:\/\/deliverypanamacity.com\/index.php?rest_route=\/wp\/v2\/types\/page"}],"author":[{"embeddable":true,"href":"https:\/\/deliverypanamacity.com\/index.php?rest_route=\/wp\/v2\/users\/1"}],"replies":[{"embeddable":true,"href":"https:\/\/deliverypanamacity.com\/index.php?rest_route=%2Fwp%2Fv2%2Fcomments&post=84"}],"version-history":[{"count":161,"href":"https:\/\/deliverypanamacity.com\/index.php?rest_route=\/wp\/v2\/pages\/84\/revisions"}],"predecessor-version":[{"id":605,"href":"https:\/\/deliverypanamacity.com\/index.php?rest_route=\/wp\/v2\/pages\/84\/revisions\/605"}],"wp:attachment":[{"href":"https:\/\/deliverypanamacity.com\/index.php?rest_route=%2Fwp%2Fv2%2Fmedia&parent=84"}],"curies":[{"name":"wp","href":"https:\/\/api.w.org\/{rel}","templated":true}]}}